{"id":9127,"date":"2022-02-10T13:02:10","date_gmt":"2022-02-10T13:02:10","guid":{"rendered":"https:\/\/www.acerbisdesign.com\/?page_id=9127"},"modified":"2024-01-19T16:16:12","modified_gmt":"2024-01-19T16:16:12","slug":"privacy","status":"publish","type":"page","link":"https:\/\/www.acerbisdesign.com\/it\/privacy\/","title":{"rendered":"Informativa privacy"},"content":{"rendered":"<p>Ai sensi del D.Lgs. 30 giugno 2003, n. 196 e s.m.i. (\u201c<strong>Codice Privacy<\/strong>\u201d) e del Regolamento Europeo n. 679 del 2016 (il \u201c<strong>Regolamento Privacy<\/strong>\u201d), <strong>MDF Italia srl societ\u00e0 unipersonale<\/strong> intende informare Lei e tutti gli utenti e\/o visitatori dei siti <a href=\"https:\/\/www.mdfitalia.com\/it\">www.mdfitalia.com<\/a> e <a href=\"https:\/\/www.acerbisdesign.com\/it\">www.acerbisdesign.com<\/a> rispettivamente gli \u201c<strong>Utenti<\/strong>\u201d e i \u201c<strong>Siti<\/strong>\u201d), in merito all\u2019utilizzo dei dati personali, dei log files e dei cookies raccolti tramite i Siti medesimi.<\/p>\n<p>Le presenti informazioni non riguardano altri siti, pagine o servizi online raggiungibili tramite link ipertestuali eventualmente pubblicati nei siti ma riferiti a risorse esterne al dominio di propriet\u00e0 de Titolare, come di seguito definito.<\/p>\n<h3><strong>1. Titolare e Responsabili del trattamento dei dati<\/strong><\/h3>\n<p>Il Titolare del trattamento dei dati personali \u00e8 MDF ITALIA SRL SOCIETA&#8217; UNIPERSONALE &#8211; C.F. e P.IVA IT 09683280961 Sede operativa: via Fratelli Cervi, 4\/A, 22066 Mariano Comense (CO) Sede legale in Via della Posta 10, 20123 Milano, e-mail <a href=\"mailto:info@mdfitalia.it\">info@mdfitalia.it<\/a> (di seguito il \u201cTitolare\u201d).<br \/>\nL\u2019elenco aggiornato dei Responsabili del trattamento designati pu\u00f2 essere fornito su richiesta da parte degli interessati e\/o Utenti.<br \/>\nNel caso in cui venga nominato un Responsabile della Protezione dei Dati, invece, i dati identificativi dello stesso saranno resi noti mediante pubblicazione dei medesimi, integrando la presente informativa.<\/p>\n<h3><strong>2. Informazioni raccolte automaticamente dai Siti<\/strong><\/h3>\n<p>Come tutti i siti web anche i nostri Siti fanno uso di log files, nei quali vengono conservate informazioni raccolte in maniera automatizzata durante le Sue visite. I sistemi informatici e le procedure software preposte al funzionamento dei Siti, infatti, acquisiscono automaticamente durante l\u2019utilizzo alcune informazioni, la cui trasmissione \u00e8 implicita nell\u2019uso dei protocolli di comunicazione di Internet.<\/p>\n<p>Le informazioni raccolte sono le seguenti:<br \/>\n. indirizzo Internet Protocol (IP) o il nome a dominio del dispositivo da Lei utilizzato;<br \/>\n. tipo di browser e parametri del dispositivo usato per connettersi al Sito;<br \/>\n. gli indirizzi in notazione URI (Uniform Resource Identifier) delle risorse richieste o il metodo utilizzato nel sottoporre la richiesta al server;<br \/>\n. nome dell&#8217;internet service provider (ISP);<br \/>\n. data e orario di visita;<br \/>\n. pagina web di provenienza (referral) e di uscita dell\u2019Utente;<br \/>\n. eventualmente il numero di click;<br \/>\n. la dimensione del file ottenuto in risposta;<br \/>\n. il codice numerico indicante lo stato della risposta data dal server (buon fine, errore, ecc.);<br \/>\n. altri parametri relativi al sistema operativo e all\u2019ambiente informatico del Suo dispositivo;<br \/>\nTali informazioni sono trattate in forma automatizzata e raccolte esclusivamente in forma aggregata al fine di verificare il corretto funzionamento del Sito.<\/p>\n<h3><strong>3. I dati personali che ci fornisci utilizzando i Siti: a che fine li trattiamo<\/strong><\/h3>\n<p>I Suoi dati ci servono per consentirLe, di:<br \/>\n. accedere ai Siti ed effettuare la relativa navigazione;<br \/>\n. procedere alle iscrizioni\/registrazioni ed accedere ai servizi ivi offerti (ad es. contatti, newsletter, download di cataloghi o schede tecniche, richiesta di informazioni su prodotti, invio di candidature ecc.) in quanto da Lei richiesti.<\/p>\n<p>I Suoi dati vengono in particolare trattati per le seguenti finalit\u00e0:<br \/>\n(i)\u00a0 \u00a0adempiere agli obblighi di legge;<br \/>\n(ii)\u00a0 effettuare la gestione tecnica dei Siti;<br \/>\n(iii) registrarsi all\u2019Area Riservata per usufruire dei relativi servizi, come da specifica informativa privacy presente al seguente <a href=\"https:\/\/www.acerbisdesign.com\/it\/privacy-areariservata\">link<\/a>;<br \/>\n(iv) utilizzare i servizi di comunicazione con il Titolare per inviare richieste commerciali, tecniche, proposte di collaborazione o la propria candidatura, fissare un appuntamento etc, la cui informativa \u00e8 presente al seguente <a href=\"https:\/\/www.acerbisdesign.com\/it\/privacy-contatti\">link<\/a>;<br \/>\n(v)\u00a0 chiedere informazioni specifiche su singoli prodotti, la cui informativa \u00e8 presente al seguente <a href=\"https:\/\/www.acerbisdesign.com\/it\/privacy-prodotti\">link<\/a>;<br \/>\n(vi) effettuare il download dei cataloghi dei prodotti, la cui informativa \u00e8 presente al seguente <a href=\"https:\/\/www.acerbisdesign.com\/it\/privacy-cataloghi\">link<\/a>;<br \/>\n(vi) ricevere la newsletter, dal contenuto non promozionale, la cui informativa \u00e8 presente al seguente <a href=\"https:\/\/www.acerbisdesign.com\/it\/privacy-newsletter\">link<\/a>.<br \/>\n(vii) servizio di configurazione dei prodotti al seguente <a href=\"https:\/\/www.acerbisdesign.com\/it\/privacy-configuratore\">link<\/a>.<\/p>\n<p>In ossequio alle \u201cLinee guida in materia di attivit\u00e0 promozionale e contrasto allo spam\u201d del 4 luglio 2013, evidenziamo che il consenso da Lei eventualmente prestato per l&#8217;invio di comunicazioni commerciali, promozionali e di marketing tramite strumenti automatizzati si estender\u00e0 anche alle modalit\u00e0 tradizionali di contatto.<br \/>\nI dati da Lei forniti verranno trattati prevalentemente con strumenti informatici sotto l\u2019autorit\u00e0 del Titolare del trattamento, da parte di soggetti specificamente incaricati, designati ed istruiti al trattamento, ai sensi degli artt. 28 e 29 del Regolamento Privacy. La informiamo che sono osservate idonee misure di sicurezza anche ai sensi degli artt. 5 e 32 del Regolamento Privacy per prevenire la perdita dei dati, usi illeciti o non corretti ed accessi non autorizzati.<\/p>\n<h3><strong>4. Natura del conferimento dei dati e base giuridica del trattamento<\/strong><\/h3>\n<p>Con riferimento alle finalit\u00e0 di cui all\u2019art. 4, punti (iii), (iv), (v), (vi) e (vii) si rimanda a quanto espressamente indicato nella specifica informativa richiamata nella presente Informativa Privacy.<br \/>\nPer la finalit\u00e0 di cui ai punti (i) e (ii) del precedente art. 4, il conferimento dei Suoi dati personali \u00e8 necessario in quanto in mancanza non potr\u00e0 usufruire dei servizi offerti dal Sito. Conseguentemente, per la finalit\u00e0 di cui al punto (i) la base giuridica del trattamento \u00e8 l\u2019adempimento di obblighi di legge, ai sensi dell\u2019art. 6 comma 1, lett. c) del Regolamento Privacy, mentre per le finalit\u00e0 di cui al punto (ii) la base giuridica del trattamento \u00e8 l\u2019esecuzione dei servizi forniti attraverso il Sito e da Lei richiesti, ai sensi dell\u2019articolo 6, comma 1, lett. b) del Regolamento Privacy.<br \/>\nMaggiori dettagli in merito a quanto precede sono contenuti nelle specifiche informative riportate o visualizzate nel Sito e predisposte per i relativi servizi a richiesta.<\/p>\n<h3><strong>5. A chi e in che ambito possiamo trasmettere i suoi dati<\/strong><\/h3>\n<p>I Suoi dati potranno essere comunicati, all\u2019interno dell\u2019UE, alle strutture, ai soggetti ed alle societ\u00e0 esterne (ivi inclusi i consulenti e service provider) di cui il Titolare si avvale per la gestione del Sito e per lo svolgimento di attivit\u00e0 connesse, strumentali o conseguenti all\u2019esecuzione dei servizi offerti dai Siti.<br \/>\nMaggiori dettagli in merito a quanto precede sono contenuti nelle specifiche informative riportate o visualizzate nei Siti e predisposte per i relativi servizi a richiesta.<\/p>\n<h3><strong>6. I suoi diritti<\/strong><\/h3>\n<p>In qualsiasi momento potr\u00e0 esercitare i diritti di cui agli artt. 15 e ss. del Regolamento Privacy, per l\u2019accesso, la rettifica, la trasformazione, il blocco, la cancellazione, la limitazione del trattamento, nelle modalit\u00e0 e nei limiti stabiliti dall\u2019art. 12 del Regolamento Privacy.<br \/>\nIn caso di mancato tempestivo riscontro o inidonea risposta da parte della scrivente societ\u00e0, ovvero qualora Lei ritenga sussistente una violazione del Codice Privacy e\/o del Regolamento Privacy, potr\u00e0 proporre ricorso al Garante per la protezione dei dati personali, alle seguenti coordinate: <a href=\"https:\/\/www.gpdp.it\/\">www.gpdp.it<\/a> &#8211; <a href=\"https:\/\/www.garanteprivacy.it\/\">www.garanteprivacy.it<\/a>, Email: <a href=\"mailto:garante@gpdp.it\">garante@gpdp.it<\/a>, Fax: (+39) 06.69677.3785, Centralino telefonico: (+39) 06.69677.1.<\/p>\n<h3><strong>7. Durata del Trattamento<\/strong><\/h3>\n<p>Fatti salvi gli obblighi di legge, i dati personali saranno conservati per un periodo determinato, in base a criteri fondati sulla natura dei servizi forniti.<br \/>\nIn particolare i dati di navigazione non persistono per pi\u00f9 di sette giorni (salve eventuali necessit\u00e0 di accertamento di reati da parte dell&#8217;Autorit\u00e0 giudiziaria). Maggiori dettagli in merito alla data retention relative alle ulteriori finalit\u00e0 di trattamento sono contenuti nelle specifiche informative riportate o visualizzate nel Sito e predisposte per i relativi servizi a richiesta.<\/p>\n<h3><strong>8. Misure di sicurezza<\/strong><\/h3>\n<p>Attraverso il Sito i Suoi dati sono trattati nel rispetto della legge applicabile ed utilizzando adeguate misure di sicurezza nel rispetto della normativa in vigore anche ai sensi degli artt. 5 e 32 del Regolamento Privacy.<br \/>\nIn merito, si conferma, tra l\u2019altro, l\u2019adozione di opportune misure di sicurezza volte ad impedire accessi non autorizzati, furto, divulgazione, modifica o distruzione non autorizzata dei Suoi dati.<\/p>\n<h3><strong>9. Modifiche all\u2019Informativa Privacy<\/strong><\/h3>\n<p>Il Titolare si riserva la facolt\u00e0 di apportare modifiche alla presente Informativa Privacy. In tal caso ne verr\u00e0 tempestivamente informato, nel momento in cui utilizzer\u00e0 nuovamente il Sito.<\/p>\n","protected":false},"excerpt":{"rendered":"<p>Ai sensi del D.Lgs. 30 giugno 2003, n. 196 e s.m.i. (\u201cCodice Privacy\u201d) e del Regolamento Europeo n. 679 del 2016 (il \u201cRegolamento Privacy\u201d), MDF Italia srl societ\u00e0 unipersonale intende informare Lei e tutti gli utenti e\/o visitatori dei siti www.mdfitalia.com e www.acerbisdesign.com rispettivamente gli \u201cUtenti\u201d e i \u201cSiti\u201d), in merito all\u2019utilizzo dei dati personali, [&hellip;]<\/p>\n","protected":false},"author":4,"featured_media":0,"parent":0,"menu_order":0,"comment_status":"closed","ping_status":"closed","template":"","meta":{"_acf_changed":false,"footnotes":""},"class_list":["post-9127","page","type-page","status-publish","hentry"],"acf":[],"yoast_head":"<!-- This site is optimized with the Yoast SEO plugin v27.3 - https:\/\/yoast.com\/product\/yoast-seo-wordpress\/ -->\n<title>Informativa privacy - Acerbis Design<\/title>\n<meta name=\"description\" content=\"Leggi l&#039;informativa privacy di Acerbis Design e scopri maggiori dettagli sulla nostra policy dell&#039;azienda.\" \/>\n<meta name=\"robots\" content=\"index, follow, max-snippet:-1, max-image-preview:large, max-video-preview:-1\" \/>\n<link rel=\"canonical\" href=\"https:\/\/www.acerbisdesign.com\/it\/privacy\/\" \/>\n<meta property=\"og:locale\" content=\"it_IT\" \/>\n<meta property=\"og:type\" content=\"article\" \/>\n<meta property=\"og:title\" content=\"Informativa privacy - Acerbis Design\" \/>\n<meta property=\"og:description\" content=\"Leggi l&#039;informativa privacy di Acerbis Design e scopri maggiori dettagli sulla nostra policy dell&#039;azienda.\" \/>\n<meta property=\"og:url\" content=\"https:\/\/www.acerbisdesign.com\/it\/privacy\/\" \/>\n<meta property=\"og:site_name\" content=\"Acerbis\" \/>\n<meta property=\"article:modified_time\" content=\"2024-01-19T16:16:12+00:00\" \/>\n<meta name=\"twitter:card\" content=\"summary_large_image\" \/>\n<meta name=\"twitter:label1\" content=\"Tempo di lettura stimato\" \/>\n\t<meta name=\"twitter:data1\" content=\"7 minuti\" \/>\n<script type=\"application\/ld+json\" class=\"yoast-schema-graph\">{\"@context\":\"https:\\\/\\\/schema.org\",\"@graph\":[{\"@type\":\"WebPage\",\"@id\":\"https:\\\/\\\/www.acerbisdesign.com\\\/it\\\/privacy\\\/\",\"url\":\"https:\\\/\\\/www.acerbisdesign.com\\\/it\\\/privacy\\\/\",\"name\":\"Informativa privacy - Acerbis Design\",\"isPartOf\":{\"@id\":\"https:\\\/\\\/www.acerbisdesign.com\\\/it\\\/#website\"},\"datePublished\":\"2022-02-10T13:02:10+00:00\",\"dateModified\":\"2024-01-19T16:16:12+00:00\",\"description\":\"Leggi l'informativa privacy di Acerbis Design e scopri maggiori dettagli sulla nostra policy dell'azienda.\",\"breadcrumb\":{\"@id\":\"https:\\\/\\\/www.acerbisdesign.com\\\/it\\\/privacy\\\/#breadcrumb\"},\"inLanguage\":\"it-IT\",\"potentialAction\":[{\"@type\":\"ReadAction\",\"target\":[\"https:\\\/\\\/www.acerbisdesign.com\\\/it\\\/privacy\\\/\"]}]},{\"@type\":\"BreadcrumbList\",\"@id\":\"https:\\\/\\\/www.acerbisdesign.com\\\/it\\\/privacy\\\/#breadcrumb\",\"itemListElement\":[{\"@type\":\"ListItem\",\"position\":1,\"name\":\"Home\",\"item\":\"https:\\\/\\\/www.acerbisdesign.com\\\/it\\\/\"},{\"@type\":\"ListItem\",\"position\":2,\"name\":\"Informativa privacy\"}]},{\"@type\":\"WebSite\",\"@id\":\"https:\\\/\\\/www.acerbisdesign.com\\\/it\\\/#website\",\"url\":\"https:\\\/\\\/www.acerbisdesign.com\\\/it\\\/\",\"name\":\"Acerbis\",\"description\":\"\",\"publisher\":{\"@id\":\"https:\\\/\\\/www.acerbisdesign.com\\\/it\\\/#organization\"},\"potentialAction\":[{\"@type\":\"SearchAction\",\"target\":{\"@type\":\"EntryPoint\",\"urlTemplate\":\"https:\\\/\\\/www.acerbisdesign.com\\\/it\\\/?s={search_term_string}\"},\"query-input\":{\"@type\":\"PropertyValueSpecification\",\"valueRequired\":true,\"valueName\":\"search_term_string\"}}],\"inLanguage\":\"it-IT\"},{\"@type\":\"Organization\",\"@id\":\"https:\\\/\\\/www.acerbisdesign.com\\\/it\\\/#organization\",\"name\":\"Acerbis\",\"url\":\"https:\\\/\\\/www.acerbisdesign.com\\\/it\\\/\",\"logo\":{\"@type\":\"ImageObject\",\"inLanguage\":\"it-IT\",\"@id\":\"https:\\\/\\\/www.acerbisdesign.com\\\/it\\\/#\\\/schema\\\/logo\\\/image\\\/\",\"url\":\"https:\\\/\\\/www.acerbisdesign.com\\\/wp-content\\\/uploads\\\/2021\\\/09\\\/logo-2.png\",\"contentUrl\":\"https:\\\/\\\/www.acerbisdesign.com\\\/wp-content\\\/uploads\\\/2021\\\/09\\\/logo-2.png\",\"width\":300,\"height\":300,\"caption\":\"Acerbis\"},\"image\":{\"@id\":\"https:\\\/\\\/www.acerbisdesign.com\\\/it\\\/#\\\/schema\\\/logo\\\/image\\\/\"}}]}<\/script>\n<!-- \/ Yoast SEO plugin. -->","yoast_head_json":{"title":"Informativa privacy - Acerbis Design","description":"Leggi l'informativa privacy di Acerbis Design e scopri maggiori dettagli sulla nostra policy dell'azienda.","robots":{"index":"index","follow":"follow","max-snippet":"max-snippet:-1","max-image-preview":"max-image-preview:large","max-video-preview":"max-video-preview:-1"},"canonical":"https:\/\/www.acerbisdesign.com\/it\/privacy\/","og_locale":"it_IT","og_type":"article","og_title":"Informativa privacy - Acerbis Design","og_description":"Leggi l'informativa privacy di Acerbis Design e scopri maggiori dettagli sulla nostra policy dell'azienda.","og_url":"https:\/\/www.acerbisdesign.com\/it\/privacy\/","og_site_name":"Acerbis","article_modified_time":"2024-01-19T16:16:12+00:00","twitter_card":"summary_large_image","twitter_misc":{"Tempo di lettura stimato":"7 minuti"},"schema":{"@context":"https:\/\/schema.org","@graph":[{"@type":"WebPage","@id":"https:\/\/www.acerbisdesign.com\/it\/privacy\/","url":"https:\/\/www.acerbisdesign.com\/it\/privacy\/","name":"Informativa privacy - Acerbis Design","isPartOf":{"@id":"https:\/\/www.acerbisdesign.com\/it\/#website"},"datePublished":"2022-02-10T13:02:10+00:00","dateModified":"2024-01-19T16:16:12+00:00","description":"Leggi l'informativa privacy di Acerbis Design e scopri maggiori dettagli sulla nostra policy dell'azienda.","breadcrumb":{"@id":"https:\/\/www.acerbisdesign.com\/it\/privacy\/#breadcrumb"},"inLanguage":"it-IT","potentialAction":[{"@type":"ReadAction","target":["https:\/\/www.acerbisdesign.com\/it\/privacy\/"]}]},{"@type":"BreadcrumbList","@id":"https:\/\/www.acerbisdesign.com\/it\/privacy\/#breadcrumb","itemListElement":[{"@type":"ListItem","position":1,"name":"Home","item":"https:\/\/www.acerbisdesign.com\/it\/"},{"@type":"ListItem","position":2,"name":"Informativa privacy"}]},{"@type":"WebSite","@id":"https:\/\/www.acerbisdesign.com\/it\/#website","url":"https:\/\/www.acerbisdesign.com\/it\/","name":"Acerbis","description":"","publisher":{"@id":"https:\/\/www.acerbisdesign.com\/it\/#organization"},"potentialAction":[{"@type":"SearchAction","target":{"@type":"EntryPoint","urlTemplate":"https:\/\/www.acerbisdesign.com\/it\/?s={search_term_string}"},"query-input":{"@type":"PropertyValueSpecification","valueRequired":true,"valueName":"search_term_string"}}],"inLanguage":"it-IT"},{"@type":"Organization","@id":"https:\/\/www.acerbisdesign.com\/it\/#organization","name":"Acerbis","url":"https:\/\/www.acerbisdesign.com\/it\/","logo":{"@type":"ImageObject","inLanguage":"it-IT","@id":"https:\/\/www.acerbisdesign.com\/it\/#\/schema\/logo\/image\/","url":"https:\/\/www.acerbisdesign.com\/wp-content\/uploads\/2021\/09\/logo-2.png","contentUrl":"https:\/\/www.acerbisdesign.com\/wp-content\/uploads\/2021\/09\/logo-2.png","width":300,"height":300,"caption":"Acerbis"},"image":{"@id":"https:\/\/www.acerbisdesign.com\/it\/#\/schema\/logo\/image\/"}}]}},"_links":{"self":[{"href":"https:\/\/www.acerbisdesign.com\/it\/wp-json\/wp\/v2\/pages\/9127","targetHints":{"allow":["GET"]}}],"collection":[{"href":"https:\/\/www.acerbisdesign.com\/it\/wp-json\/wp\/v2\/pages"}],"about":[{"href":"https:\/\/www.acerbisdesign.com\/it\/wp-json\/wp\/v2\/types\/page"}],"author":[{"embeddable":true,"href":"https:\/\/www.acerbisdesign.com\/it\/wp-json\/wp\/v2\/users\/4"}],"replies":[{"embeddable":true,"href":"https:\/\/www.acerbisdesign.com\/it\/wp-json\/wp\/v2\/comments?post=9127"}],"version-history":[{"count":12,"href":"https:\/\/www.acerbisdesign.com\/it\/wp-json\/wp\/v2\/pages\/9127\/revisions"}],"predecessor-version":[{"id":9194,"href":"https:\/\/www.acerbisdesign.com\/it\/wp-json\/wp\/v2\/pages\/9127\/revisions\/9194"}],"wp:attachment":[{"href":"https:\/\/www.acerbisdesign.com\/it\/wp-json\/wp\/v2\/media?parent=9127"}],"curies":[{"name":"wp","href":"https:\/\/api.w.org\/{rel}","templated":true}]}}