{"id":9150,"date":"2022-02-10T13:36:24","date_gmt":"2022-02-10T13:36:24","guid":{"rendered":"https:\/\/www.acerbisdesign.com\/?page_id=9150"},"modified":"2024-01-19T16:16:09","modified_gmt":"2024-01-19T16:16:09","slug":"privacy-newsletter","status":"publish","type":"page","link":"https:\/\/www.acerbisdesign.com\/it\/privacy-newsletter\/","title":{"rendered":"Informativa Privacy"},"content":{"rendered":"<h3>Informativa sulla tutela dei dati personali<\/h3>\n<p>Ai sensi del Regolamento Europeo 2016\/679 (\u201cRegolamento Privacy\u201d), MDF ITALIA SRL SOCIETA&#8217; UNIPERSONALE &#8211; C.F. e P.IVA IT 09683280961, Sede operativa in via Fratelli Cervi, 4\/A, 22066 Mariano Comense (CO), Sede legale in Via della Posta 10, 20123 Milano, e-mail <a href=\"mailto:info@mdfitalia.it\">info@mdfitalia.it<\/a> (di seguito, il \u201cTitolare\u201d o la \u201cSociet\u00e0\u201d) intende informarLa che la Newsletter verr\u00e0 distribuita via e-mail &#8211; in automatico e gratuitamente &#8211; a quanti fanno richiesta di riceverla compilando il form presente in questa pagina e flaggando l\u2019apposita richiesta. La newsletter, in particolare, non ha un contenuto promozionale e si limita a fornire informazioni generali riguardo ai nuovi prodotti della Societ\u00e0, alle manifestazioni fieristiche e convention nazionali ed internazionali a cui la stessa Societ\u00e0 sar\u00e0 presente, nonch\u00e9 le notizie di stampa, ecc. (di seguito la \u201cNewsletter\u201d). La base giuridica del trattamento \u00e8 pertanto l\u2019esecuzione del servizio da Lei richiesto (ai sensi dell\u2019art. 6 co. 1 lett. b) Regolamento Privacy).<\/p>\n<h3>Diverse tipologie di Newsletter e quali dei Suoi dati sono necessari per il trattamento<\/h3>\n<p>La Societ\u00e0 redige diverse tipologie di Newsletter i cui contenuti, come sommariamente indicati al punto precedente, variano a seconda della tipologia di professione svolta dall\u2019interessato (Architetto\/Designer, Rivenditore, Press, Privato, Fornitore\/Partner) e del luogo in cui l\u2019interessato vive.<br \/>\nPer tale ragione ove Lei decida volontariamente di iscriversi alla Nostra Newsletter Le chiediamo di indicarci i dati, di seguito specificati, necessari per l\u2019individuazione della corretta tipologia di Newsletter da inviarLe.<\/p>\n<p>I dati che richiediamo a tal fine sono:<br \/>\n. nome,<br \/>\n. indirizzo e-mail,<br \/>\n. professione (Architetto\/Designer, Rivenditore, Press, Privato, Fornitore\/Partner)<br \/>\n. citt\u00e0 e Stato di residenza o domicilio.<br \/>\nI dati da lei forniti non verranno utilizzati per altre finalit\u00e0 se non quelle strettamente connesse alla individuazione del tipo di comunicazione da inviarLe ed all\u2019invio della Newsletter.<\/p>\n<h3>Modalit\u00e0 di trattamento dei dati<\/h3>\n<p>I dati da Lei forniti verranno trattati prevalentemente con strumenti cartacei e\/o informatici sotto l\u2019autorit\u00e0 del Titolare del trattamento, da parte di soggetti specificamente designati ed istruiti al trattamento (ai sensi dell\u2019art. 2-quaterdecies del Codice Privacy e degli artt. 28 e 29 del Regolamento Privacy). La informiamo che sono osservate idonee misure di sicurezza anche ai sensi degli artt. 5 e 32 del Regolamento Privacy per prevenire la perdita dei dati, usi illeciti o non corretti ed accessi non autorizzati.<\/p>\n<p>I dati potranno essere comunicati, all\u2019interno dell\u2019UE, nel pieno rispetto di quanto previsto dal Codice Privacy e dal Regolamento Privacy, ai seguenti soggetti: agli enti e\/o altre autorit\u00e0 pubbliche, ove ci\u00f2 sia imposto dalla legge o su loro richiesta; alle strutture, ai soggetti ed alle societ\u00e0 esterne di cui il Titolare si avvale per lo svolgimento di attivit\u00e0 connesse, strumentali o conseguenti all\u2019esecuzione del servizio di Newsletter; ai consulenti esterni, se non designati per iscritto Responsabili del trattamento. L\u2019elenco aggiornato dei Responsabili del trattamento designati pu\u00f2 essere fornito su richiesta da parte dell\u2019interessato.<\/p>\n<p>Si evidenzia che la Newsletter \u00e8 gestita su piattaforma MailUp. Per ogni altra informazione relativa al trattamento dei dati, si consiglia di visitare la pagina relativa alla privacy policy.<\/p>\n<p>I dati necessari all&#8217;invio della Newsletter verranno trattati in un modello di gestione &#8220;OPT-OUT&#8221; ovvero fino a quando l&#8217;interessato eserciter\u00e0 il diritto di disiscrizione dal servizio.<\/p>\n<p>In qualsiasi momento potr\u00e0 esercitare i diritti di cui agli artt. 15 e segg. del Regolamento Privacy, per l\u2019accesso, la rettifica, la trasformazione, il blocco, la cancellazione, la limitazione del trattamento, nelle modalit\u00e0 stabilite dall\u2019art. 12 del Regolamento Privacy.<br \/>\nIn caso di mancato tempestivo riscontro o inidonea risposta da parte della scrivente societ\u00e0, ovvero qualora Lei ritenga sussistente una violazione del Codice Privacy e\/o del Regolamento Privacy, potr\u00e0 proporre ricorso al Garante per la protezione dei dati personali, alle seguenti coordinate: <a href=\"https:\/\/www.gpdp.it\/\">www.gpdp.it<\/a> &#8211; <a href=\"https:\/\/www.garanteprivacy.it\/\">www.garanteprivacy.it<\/a>, Email: <a href=\"mailto:garante@gpdp.it\">garante@gpdp.it<\/a>, Fax: (+39) 06.69677.3785, Centralino telefonico: (+39) 06.69677.1.<\/p>\n","protected":false},"excerpt":{"rendered":"<p>Informativa sulla tutela dei dati personali Ai sensi del Regolamento Europeo 2016\/679 (\u201cRegolamento Privacy\u201d), MDF ITALIA SRL SOCIETA&#8217; UNIPERSONALE &#8211; C.F. e P.IVA IT 09683280961, Sede operativa in via Fratelli Cervi, 4\/A, 22066 Mariano Comense (CO), Sede legale in Via della Posta 10, 20123 Milano, e-mail info@mdfitalia.it (di seguito, il \u201cTitolare\u201d o la \u201cSociet\u00e0\u201d) intende [&hellip;]<\/p>\n","protected":false},"author":4,"featured_media":0,"parent":0,"menu_order":0,"comment_status":"closed","ping_status":"closed","template":"","meta":{"_acf_changed":false,"footnotes":""},"class_list":["post-9150","page","type-page","status-publish","hentry"],"acf":[],"yoast_head":"<!-- This site is optimized with the Yoast SEO plugin v27.3 - https:\/\/yoast.com\/product\/yoast-seo-wordpress\/ -->\n<title>Informativa privacy - Acerbis Design<\/title>\n<meta name=\"description\" content=\"Leggi l&#039;informativa privacy di Acerbis Design e scopri maggiori dettagli sulla nostra policy dell&#039;azienda.\" \/>\n<meta name=\"robots\" content=\"index, follow, max-snippet:-1, max-image-preview:large, max-video-preview:-1\" \/>\n<link rel=\"canonical\" href=\"https:\/\/www.acerbisdesign.com\/it\/privacy-newsletter\/\" \/>\n<meta property=\"og:locale\" content=\"it_IT\" \/>\n<meta property=\"og:type\" content=\"article\" \/>\n<meta property=\"og:title\" content=\"Informativa privacy - Acerbis Design\" \/>\n<meta property=\"og:description\" content=\"Leggi l&#039;informativa privacy di Acerbis Design e scopri maggiori dettagli sulla nostra policy dell&#039;azienda.\" \/>\n<meta property=\"og:url\" content=\"https:\/\/www.acerbisdesign.com\/it\/privacy-newsletter\/\" \/>\n<meta property=\"og:site_name\" content=\"Acerbis\" \/>\n<meta property=\"article:modified_time\" content=\"2024-01-19T16:16:09+00:00\" \/>\n<meta name=\"twitter:card\" content=\"summary_large_image\" \/>\n<meta name=\"twitter:label1\" content=\"Tempo di lettura stimato\" \/>\n\t<meta name=\"twitter:data1\" content=\"4 minuti\" \/>\n<script type=\"application\/ld+json\" class=\"yoast-schema-graph\">{\"@context\":\"https:\\\/\\\/schema.org\",\"@graph\":[{\"@type\":\"WebPage\",\"@id\":\"https:\\\/\\\/www.acerbisdesign.com\\\/it\\\/privacy-newsletter\\\/\",\"url\":\"https:\\\/\\\/www.acerbisdesign.com\\\/it\\\/privacy-newsletter\\\/\",\"name\":\"Informativa privacy - Acerbis Design\",\"isPartOf\":{\"@id\":\"https:\\\/\\\/www.acerbisdesign.com\\\/it\\\/#website\"},\"datePublished\":\"2022-02-10T13:36:24+00:00\",\"dateModified\":\"2024-01-19T16:16:09+00:00\",\"description\":\"Leggi l'informativa privacy di Acerbis Design e scopri maggiori dettagli sulla nostra policy dell'azienda.\",\"breadcrumb\":{\"@id\":\"https:\\\/\\\/www.acerbisdesign.com\\\/it\\\/privacy-newsletter\\\/#breadcrumb\"},\"inLanguage\":\"it-IT\",\"potentialAction\":[{\"@type\":\"ReadAction\",\"target\":[\"https:\\\/\\\/www.acerbisdesign.com\\\/it\\\/privacy-newsletter\\\/\"]}]},{\"@type\":\"BreadcrumbList\",\"@id\":\"https:\\\/\\\/www.acerbisdesign.com\\\/it\\\/privacy-newsletter\\\/#breadcrumb\",\"itemListElement\":[{\"@type\":\"ListItem\",\"position\":1,\"name\":\"Home\",\"item\":\"https:\\\/\\\/www.acerbisdesign.com\\\/it\\\/\"},{\"@type\":\"ListItem\",\"position\":2,\"name\":\"Informativa Privacy\"}]},{\"@type\":\"WebSite\",\"@id\":\"https:\\\/\\\/www.acerbisdesign.com\\\/it\\\/#website\",\"url\":\"https:\\\/\\\/www.acerbisdesign.com\\\/it\\\/\",\"name\":\"Acerbis\",\"description\":\"\",\"publisher\":{\"@id\":\"https:\\\/\\\/www.acerbisdesign.com\\\/it\\\/#organization\"},\"potentialAction\":[{\"@type\":\"SearchAction\",\"target\":{\"@type\":\"EntryPoint\",\"urlTemplate\":\"https:\\\/\\\/www.acerbisdesign.com\\\/it\\\/?s={search_term_string}\"},\"query-input\":{\"@type\":\"PropertyValueSpecification\",\"valueRequired\":true,\"valueName\":\"search_term_string\"}}],\"inLanguage\":\"it-IT\"},{\"@type\":\"Organization\",\"@id\":\"https:\\\/\\\/www.acerbisdesign.com\\\/it\\\/#organization\",\"name\":\"Acerbis\",\"url\":\"https:\\\/\\\/www.acerbisdesign.com\\\/it\\\/\",\"logo\":{\"@type\":\"ImageObject\",\"inLanguage\":\"it-IT\",\"@id\":\"https:\\\/\\\/www.acerbisdesign.com\\\/it\\\/#\\\/schema\\\/logo\\\/image\\\/\",\"url\":\"https:\\\/\\\/www.acerbisdesign.com\\\/wp-content\\\/uploads\\\/2021\\\/09\\\/logo-2.png\",\"contentUrl\":\"https:\\\/\\\/www.acerbisdesign.com\\\/wp-content\\\/uploads\\\/2021\\\/09\\\/logo-2.png\",\"width\":300,\"height\":300,\"caption\":\"Acerbis\"},\"image\":{\"@id\":\"https:\\\/\\\/www.acerbisdesign.com\\\/it\\\/#\\\/schema\\\/logo\\\/image\\\/\"}}]}<\/script>\n<!-- \/ Yoast SEO plugin. -->","yoast_head_json":{"title":"Informativa privacy - Acerbis Design","description":"Leggi l'informativa privacy di Acerbis Design e scopri maggiori dettagli sulla nostra policy dell'azienda.","robots":{"index":"index","follow":"follow","max-snippet":"max-snippet:-1","max-image-preview":"max-image-preview:large","max-video-preview":"max-video-preview:-1"},"canonical":"https:\/\/www.acerbisdesign.com\/it\/privacy-newsletter\/","og_locale":"it_IT","og_type":"article","og_title":"Informativa privacy - Acerbis Design","og_description":"Leggi l'informativa privacy di Acerbis Design e scopri maggiori dettagli sulla nostra policy dell'azienda.","og_url":"https:\/\/www.acerbisdesign.com\/it\/privacy-newsletter\/","og_site_name":"Acerbis","article_modified_time":"2024-01-19T16:16:09+00:00","twitter_card":"summary_large_image","twitter_misc":{"Tempo di lettura stimato":"4 minuti"},"schema":{"@context":"https:\/\/schema.org","@graph":[{"@type":"WebPage","@id":"https:\/\/www.acerbisdesign.com\/it\/privacy-newsletter\/","url":"https:\/\/www.acerbisdesign.com\/it\/privacy-newsletter\/","name":"Informativa privacy - Acerbis Design","isPartOf":{"@id":"https:\/\/www.acerbisdesign.com\/it\/#website"},"datePublished":"2022-02-10T13:36:24+00:00","dateModified":"2024-01-19T16:16:09+00:00","description":"Leggi l'informativa privacy di Acerbis Design e scopri maggiori dettagli sulla nostra policy dell'azienda.","breadcrumb":{"@id":"https:\/\/www.acerbisdesign.com\/it\/privacy-newsletter\/#breadcrumb"},"inLanguage":"it-IT","potentialAction":[{"@type":"ReadAction","target":["https:\/\/www.acerbisdesign.com\/it\/privacy-newsletter\/"]}]},{"@type":"BreadcrumbList","@id":"https:\/\/www.acerbisdesign.com\/it\/privacy-newsletter\/#breadcrumb","itemListElement":[{"@type":"ListItem","position":1,"name":"Home","item":"https:\/\/www.acerbisdesign.com\/it\/"},{"@type":"ListItem","position":2,"name":"Informativa Privacy"}]},{"@type":"WebSite","@id":"https:\/\/www.acerbisdesign.com\/it\/#website","url":"https:\/\/www.acerbisdesign.com\/it\/","name":"Acerbis","description":"","publisher":{"@id":"https:\/\/www.acerbisdesign.com\/it\/#organization"},"potentialAction":[{"@type":"SearchAction","target":{"@type":"EntryPoint","urlTemplate":"https:\/\/www.acerbisdesign.com\/it\/?s={search_term_string}"},"query-input":{"@type":"PropertyValueSpecification","valueRequired":true,"valueName":"search_term_string"}}],"inLanguage":"it-IT"},{"@type":"Organization","@id":"https:\/\/www.acerbisdesign.com\/it\/#organization","name":"Acerbis","url":"https:\/\/www.acerbisdesign.com\/it\/","logo":{"@type":"ImageObject","inLanguage":"it-IT","@id":"https:\/\/www.acerbisdesign.com\/it\/#\/schema\/logo\/image\/","url":"https:\/\/www.acerbisdesign.com\/wp-content\/uploads\/2021\/09\/logo-2.png","contentUrl":"https:\/\/www.acerbisdesign.com\/wp-content\/uploads\/2021\/09\/logo-2.png","width":300,"height":300,"caption":"Acerbis"},"image":{"@id":"https:\/\/www.acerbisdesign.com\/it\/#\/schema\/logo\/image\/"}}]}},"_links":{"self":[{"href":"https:\/\/www.acerbisdesign.com\/it\/wp-json\/wp\/v2\/pages\/9150","targetHints":{"allow":["GET"]}}],"collection":[{"href":"https:\/\/www.acerbisdesign.com\/it\/wp-json\/wp\/v2\/pages"}],"about":[{"href":"https:\/\/www.acerbisdesign.com\/it\/wp-json\/wp\/v2\/types\/page"}],"author":[{"embeddable":true,"href":"https:\/\/www.acerbisdesign.com\/it\/wp-json\/wp\/v2\/users\/4"}],"replies":[{"embeddable":true,"href":"https:\/\/www.acerbisdesign.com\/it\/wp-json\/wp\/v2\/comments?post=9150"}],"version-history":[{"count":3,"href":"https:\/\/www.acerbisdesign.com\/it\/wp-json\/wp\/v2\/pages\/9150\/revisions"}],"predecessor-version":[{"id":9156,"href":"https:\/\/www.acerbisdesign.com\/it\/wp-json\/wp\/v2\/pages\/9150\/revisions\/9156"}],"wp:attachment":[{"href":"https:\/\/www.acerbisdesign.com\/it\/wp-json\/wp\/v2\/media?parent=9150"}],"curies":[{"name":"wp","href":"https:\/\/api.w.org\/{rel}","templated":true}]}}