{"id":9189,"date":"2022-02-10T14:34:03","date_gmt":"2022-02-10T14:34:03","guid":{"rendered":"https:\/\/www.acerbisdesign.com\/privacy-application\/"},"modified":"2024-01-19T16:17:36","modified_gmt":"2024-01-19T16:17:36","slug":"privacy-candidatura","status":"publish","type":"page","link":"https:\/\/www.acerbisdesign.com\/it\/privacy-candidatura\/","title":{"rendered":"Informativa privacy"},"content":{"rendered":"<h3><strong>Informativa sulla tutela dei dati personali per i candidati<\/strong><\/h3>\n<p><u>Normative di riferimento<\/u>:<\/p>\n<p><strong><em>&#8211; D.lgs. n. 196 del 30 Giugno 2003, modificato dal D.lgs. n. 101 del 10 agosto 2018<\/em><\/strong><em>, Codice in materia di protezione dei dati personali (di seguito il \u201c<strong>Codice privacy<\/strong>\u201d);<\/em><\/p>\n<p><strong><em>&#8211; Regolamento UE n. 679 del 27 Aprile 2016<\/em><\/strong><em> relativo alla protezione delle persone fisiche con riguardo al trattamento dei dati personali, nonch\u00e9 alla libera circolazione dei dati personali (di seguito il\u201c<strong>Regolamento privacy<\/strong>\u201d).<\/em><\/p>\n<p style=\"text-align: center;\">***<\/p>\n<p>Desideriamo informarLa che, a seguito dell\u2019invio del Suo <em>curriculum vitae<\/em>, al fine di verificare la possibilit\u00e0 di trasformare la Sua candidatura in un rapporto di lavoro, la scrivente raccoglie e tratta dati personali Suoi (quale \u201c<strong>Interessato<\/strong>\u201d) ed eventualmente dati personali dei Suoi familiari, che saranno oggetto di trattamento nel rispetto della normativa vigente in materia di trattamento dei dati personali.<\/p>\n<p>Il Regolamento privacy definisce <strong>dato personale<\/strong>: \u201c<em>qualsiasi informazione riguardante una persona fisica identificata o identificabile; si considera identificabile la persona fisica che pu\u00f2 essere identificata, direttamente o indirettamente, con particolare riferimento a un identificativo come il nome, un numero di identificazione, dati relativi all&#8217;ubicazione, un identificativo online o a uno o pi\u00f9 elementi caratteristici della sua identit\u00e0 fisica, fisiologica, genetica, psichica, economica, culturale o sociale<\/em>\u201d.<\/p>\n<p>Il Regolamento privacy definisce all\u2019art. 9 le \u201c<strong>categorie particolari di dati<\/strong>\u201d, cio\u00e8 quelli che rivelano ad esempio l\u2019origine razziale o etnica, l&#8217;adesione ad un partito politico o la titolarit\u00e0 di cariche pubbliche elettive, convinzioni religiose o filosofiche, l\u2019appartenenza ad un sindacato, dati relativi alla vita o l\u2019orientamento sessuale, ovvero dati idonei a rilevare ad esempio uno stato generale di salute (assenze per malattia, maternit\u00e0, infortunio o l&#8217;avviamento\u00a0\u00a0 obbligatorio) idoneit\u00e0 o meno a determinate mansioni.<\/p>\n<p>Per <strong>trattamento dei dati personali<\/strong> s\u2019intende il compimento di \u201c<em>qualsiasi operazione o insieme di operazioni, compiute con o senza l\u2019ausilio di processi automatizzati e applicate a dati personali o insiemi di dati personali, come la raccolta, la registrazione, l\u2019organizzazione, la strutturazione, la conservazione, l\u2019adattamento o la modifica, l\u2019estrazione, la consultazione, l\u2019uso, la comunicazione mediante trasmissione, diffusione o qualsiasi altra forma di messa a disposizione, il raffronto o l\u2019interconnessione, la limitazione, la cancellazione o la distruzione<\/em>\u201d.<\/p>\n<h3>1. Titolare, Responsabili del trattamento dei dati e Responsabile della Protezione dei Dati.<\/h3>\n<p>Il Titolare del trattamento dei dati personali \u00e8 MDF ITALIA SRL SOCIETA&#8217; UNIPERSONALE &#8211; C.F. e P.IVA IT 09683280961 Sede operativa: via Fratelli Cervi, 4\/A, 22066 Mariano Comense (CO), Sede legale in Via della Posta 10, 20123 Milano, e-mail <a href=\"mailto:info@mdfitalia.it\">info@mdfitalia.it<\/a> ( di seguito la \u201c<strong>Societ\u00e0<\/strong>\u201d o il \u201c<strong>Titolare<\/strong>\u201d).<\/p>\n<p>L\u2019elenco aggiornato dei Responsabili del trattamento, ove designati, pu\u00f2 essere fornito su richiesta dell\u2019Interessato.<\/p>\n<p>Nel caso in cui venga nominato un Responsabile della Protezione dei Dati (ai sensi dell\u2019art. 37 del Regolamento Privacy), i dati identificativi dello stesso saranno resi noti mediante pubblicazione dei medesimi, integrando la presente informativa.<\/p>\n<h3>2. Finalit\u00e0 e modalit\u00e0 del trattamento.<\/h3>\n<p>I Suoi dati personali sono da Lei direttamente conferiti mediante registrazione nell\u2019apposita piattaforma di <em>recruiting<\/em> al fine di consentirLe la creazione del Suo profilo professionale e di trasmettere il Suo <em>curriculum vitae<\/em> in via spontanea o allo scopo di candidarsi a specifiche ricerche in corso.<\/p>\n<p>I Suoi dati personali, inoltre, sono trattati al fine di valutare la Sua candidatura, di contattarLa per un eventuale colloquio di natura professionale e di svolgere ogni ulteriore attivit\u00e0 necessaria al compimento delle operazioni di selezione finalizzate all\u2019eventuale assunzione o all\u2019eventuale rapporto di collaborazione con la Societ\u00e0, nel rispetto del principio di parit\u00e0 fra i candidati e le candidate che impone il divieto di discriminazione tra i due sessi ai sensi del D.Lgs. n.198, 11 aprile 2006 (Codice delle Pari Opportunit\u00e0 tra uomo e donna), come modificato con il D.Lgs. n.5, 25 gennaio 2010 e della legge n. 183, 4 novembre 2010.<\/p>\n<p>In tal caso, il Titolare tratter\u00e0 i Suoi dati personali al fine di dare esecuzione alle misure precontrattuali adottate su Sua richiesta e finalizzate all\u2019eventuale instaurazione di un rapporto di lavoro o di collaborazione con la scrivente; non \u00e8 pertanto necessario il Suo consenso.<\/p>\n<p>Si precisa che la Societ\u00e0 non richiede, nei campi di registrazione e di creazione del profilo professionale, il conferimento dei dati personali riconducibili alle categorie particolari di dati di cui all\u2019art. 9 del Regolamento privacy; pertanto, in caso di eventuale indicazione, nel Suo <em>curriculum vitae<\/em>, di tali dati personali, La informiamo che dovremo procederemo all\u2019eliminazione del Suo <em>curriculum vitae.<\/em><\/p>\n<p>Il trattamento di tali dati personali avviene nel rispetto delle modalit\u00e0 e dei limiti definiti dalla normativa vigente in materia di trattamento dei dati personali.<\/p>\n<p>Si ricorda che il consenso al trattamento dei dati personali pu\u00f2 essere, in qualunque momento, revocato; la revoca del consenso non pregiudica la liceit\u00e0 del trattamento svolto anteriormente a tale momento.<\/p>\n<p>In relazione a detta finalit\u00e0, il trattamento dei dati personali avviene da parte di soggetti specificamente Designati ed istruiti al trattamento ai sensi dell\u2019art. 2-<em>quaterdecies<\/em> del Codice privacy e dell\u2019art. 29 del Regolamento privacy, nonch\u00e9 anche mediante soggetti esterni (per esempio, societ\u00e0 di selezione del personale, consulenti esterni per l\u2019elaborazione dei dati retributivi e contributivi, ecc.), i quali possono assumere la qualifica di autonomi Titolari del trattamento oppure essere designati per iscritto Responsabili del trattamento; in ogni caso, il trattamento verr\u00e0 effettuato mediante strumenti manuali, informatici e telematici, con logiche strettamente correlate alle finalit\u00e0 e comunque in modo da garantire la riservatezza e la sicurezza dei dati personali e nel pieno e pi\u00f9 assoluto rispetto della normativa vigente in materia.<\/p>\n<p>I Suoi dati verranno trattati in Italia e, comunque, all\u2019interno della UE.<\/p>\n<h3>3. Natura obbligatoria o facoltativa del conferimento dei dati, conseguenze di un eventuale rifiuto e base giuridica del trattamento.<\/h3>\n<p>Con riferimento alle sopra descritte finalit\u00e0, il conferimento dei dati personali \u00e8 obbligatorio, in quanto in sua assenza non si potrebbe verificare la possibilit\u00e0 di porre in essere un rapporto di lavoro con l\u2019Interessato. La base giuridica del trattamento \u00e8, pertanto, la verifica della possibilit\u00e0 di porre in essere un rapporto di lavoro di cui l\u2019Interessato \u00e8 parte e su richiesta dello stesso (ai sensi dell\u2019art. 6, comma 1, lett. b) del Regolamento privacy).<\/p>\n<h3>4. A chi e in che ambito possiamo trasmettere i dati personali dell\u2019Interessato.<\/h3>\n<p>In relazione alle finalit\u00e0 del trattamento sopra indicate, e nei limiti strettamente pertinenti alle medesime, i Suoi dati personali saranno o potranno essere comunicati, in Italia, o comunque all\u2019interno della UE:<br \/>\n(i) a tutti i soggetti a qualsiasi titolo coinvolti nell\u2019attivit\u00e0 di recruting finalizzata alla stipula di un rapporto di lavoro, nominati ed istruiti per iscritto a norma di legge dal Titolare secondo le modalit\u00e0 previste dai mansionari aziendali;<br \/>\n(ii) ai consulenti esterni chiamati a svolgere la predetta attivit\u00e0, se non designati per iscritto Responsabili del trattamento.<\/p>\n<p>I soggetti sopra indicati, ai quali i Suoi dati personali saranno o potranno essere comunicati (in quanto non designati per iscritto Responsabili del trattamento), tratteranno i dati personali in qualit\u00e0 di Titolari del trattamento ai sensi della normativa vigente, in piena autonomia, essendo estranei al trattamento eseguito dal Titolare. Un elenco dettagliato e costantemente aggiornato di questi soggetti, con l\u2019indicazione della rispettive sedi, \u00e8 sempre disponibile presso la sede del Titolare.<\/p>\n<p>I Suoi dati personali non saranno oggetto di diffusione.<\/p>\n<h3>5. I diritti dell\u2019Interessato.<\/h3>\n<p>Gli artt. 15 e segg. del Regolamento privacy conferiscono all\u2019Interessato il diritto di ottenere, nelle modalit\u00e0 e nei limiti stabiliti dall\u2019art. 2-<em>undecies<\/em> del Codice privacy e dall\u2019art. 12 del Regolamento privacy:<\/p>\n<ul>\n<li>la conferma dell\u2019esistenza o meno di dati personali che lo riguardano, anche se non ancora registrati, e la loro comunicazione in forma intelligibile;<\/li>\n<li>l\u2019indicazione dell\u2019origine dei dati personali, delle finalit\u00e0 e modalit\u00e0 del trattamento, della logica applicata in caso di trattamento effettuato con l\u2019ausilio di strumenti elettronici, degli estremi identificativi del titolare;<\/li>\n<li>l\u2019aggiornamento, rettifica, integrazione, cancellazione, trasformazione in forma anonima o il blocco dei dati trattati in violazione di legge \u2013 compresi quelli di cui non \u00e8 necessaria la conservazione in relazione agli scopi per i quali i dati sono raccolti o successivamente trattati \u2013, l\u2019attestazione che tali operazioni sono state portate a conoscenza, anche per quanto riguarda il loro contenuto, di coloro ai quali i dati sono stati comunicati o diffusi, eccettuato il caso in cui tale adempimento si riveli impossibile o comporti un impiego di mezzi manifestamente sproporzionato rispetto al diritto tutelato.<\/li>\n<\/ul>\n<p>L\u2019Interessato ha inoltre il diritto:<\/p>\n<ul>\n<li>di revocare in qualsiasi momento il consenso (ove prestato) al trattamento dei dati personali (senza pregiudizio della liceit\u00e0 del trattamento basata sul consenso prestato prima della revoca);<\/li>\n<li>di opporsi, in tutto o in parte, per motivi legittimi, al trattamento dei dati personali che la riguardano, ancorch\u00e9 pertinenti allo scopo della raccolta;<\/li>\n<li>di opporsi, in tutto o in parte al trattamento di dati personali che lo riguardano a fini di invio di materiale pubblicitario o di vendita diretta o per il compimento di ricerche di mercato o di comunicazione commerciale;<\/li>\n<li>di proporre reclamo al Garante per la protezione dei dati personali nei casi previsti dal Regolamento Privacy, rivolgendosi direttamente al Garante per la protezione dei dati personali. Sito web <a href=\"https:\/\/www.gpdp.it\/\">gpdp.it<\/a> &#8211; <a href=\"https:\/\/www.garanteprivacy.it\/\">www.garanteprivacy.it<\/a>\u00a0\u00a0 E-mail:\u00a0 <a href=\"mailto:garante@gpdp.it\">garante@gpdp.it<\/a> Fax: (+39) 06.69677.3785 Centralino telefonico: (+39) 06.69677.1<\/li>\n<li>alla portabilit\u00e0 dei dati personali nei limiti di cui all\u2019art. 20 del Regolamento Privacy.<\/li>\n<\/ul>\n<p>Per conoscere l\u2019elenco dettagliato e costantemente aggiornato dei soggetti cui i dati personali dell\u2019Interessato possono essere comunicati e per esercitare i diritti di cui agli artt. 15 e segg. del Regolamento privacy, il medesimo pu\u00f2 rivolgersi a <a href=\"mailto:info@mdfitalia.it\">info@mdfitalia.it<\/a> in qualit\u00e0 di Titolare del trattamento.<\/p>\n<h3>6. Misure di sicurezza.<\/h3>\n<p>Ogni trattamento avviene mediante l\u2019adozione di misure tecniche ed organizzative idonee per garantire un livello di sicurezza adeguato al rischio nel rispetto delle modalit\u00e0 di cui agli artt. 5 e segg. e 32 e segg. del Regolamento, oltre che dei relativi provvedimenti del Garante privacy.<\/p>\n<p>In merito, si conferma, tra l\u2019altro, l\u2019adozione di opportune misure di sicurezza volte ad impedire accessi non autorizzati, furto, divulgazione, modifica o distruzione non autorizzata dei dati dell\u2019Interessato.<\/p>\n<h3>7. Durata del trattamento.<\/h3>\n<p>In conformit\u00e0 all\u2019art. 5 lett. e) del Regolamento i dati personali oggetto di trattamento verranno conservati, fatti salvi eventuali obblighi di legge, per il tempo strettamente necessario in relazione alle finalit\u00e0 di cui sopra e, in ogni caso, per un periodo non superiore a 12 mesi.<\/p>\n","protected":false},"excerpt":{"rendered":"<p>Informativa sulla tutela dei dati personali per i candidati Normative di riferimento: &#8211; D.lgs. n. 196 del 30 Giugno 2003, modificato dal D.lgs. n. 101 del 10 agosto 2018, Codice in materia di protezione dei dati personali (di seguito il \u201cCodice privacy\u201d); &#8211; Regolamento UE n. 679 del 27 Aprile 2016 relativo alla protezione delle [&hellip;]<\/p>\n","protected":false},"author":4,"featured_media":0,"parent":0,"menu_order":0,"comment_status":"closed","ping_status":"closed","template":"","meta":{"_acf_changed":false,"footnotes":""},"class_list":["post-9189","page","type-page","status-publish","hentry"],"acf":[],"yoast_head":"<!-- This site is optimized with the Yoast SEO plugin v27.3 - https:\/\/yoast.com\/product\/yoast-seo-wordpress\/ -->\n<title>Informativa privacy - Acerbis Design<\/title>\n<meta name=\"description\" content=\"Leggi l&#039;informativa privacy di Acerbis Design e scopri maggiori dettagli sulla nostra policy dell&#039;azienda.\" \/>\n<meta name=\"robots\" content=\"index, follow, max-snippet:-1, max-image-preview:large, max-video-preview:-1\" \/>\n<link rel=\"canonical\" href=\"https:\/\/www.acerbisdesign.com\/it\/privacy-candidatura\/\" \/>\n<meta property=\"og:locale\" content=\"it_IT\" \/>\n<meta property=\"og:type\" content=\"article\" \/>\n<meta property=\"og:title\" content=\"Informativa privacy - Acerbis Design\" \/>\n<meta property=\"og:description\" content=\"Leggi l&#039;informativa privacy di Acerbis Design e scopri maggiori dettagli sulla nostra policy dell&#039;azienda.\" \/>\n<meta property=\"og:url\" content=\"https:\/\/www.acerbisdesign.com\/it\/privacy-candidatura\/\" \/>\n<meta property=\"og:site_name\" content=\"Acerbis\" \/>\n<meta property=\"article:modified_time\" content=\"2024-01-19T16:17:36+00:00\" \/>\n<meta name=\"twitter:card\" content=\"summary_large_image\" \/>\n<meta name=\"twitter:label1\" content=\"Tempo di lettura stimato\" \/>\n\t<meta name=\"twitter:data1\" content=\"9 minuti\" \/>\n<script type=\"application\/ld+json\" class=\"yoast-schema-graph\">{\"@context\":\"https:\\\/\\\/schema.org\",\"@graph\":[{\"@type\":\"WebPage\",\"@id\":\"https:\\\/\\\/www.acerbisdesign.com\\\/it\\\/privacy-candidatura\\\/\",\"url\":\"https:\\\/\\\/www.acerbisdesign.com\\\/it\\\/privacy-candidatura\\\/\",\"name\":\"Informativa privacy - Acerbis Design\",\"isPartOf\":{\"@id\":\"https:\\\/\\\/www.acerbisdesign.com\\\/it\\\/#website\"},\"datePublished\":\"2022-02-10T14:34:03+00:00\",\"dateModified\":\"2024-01-19T16:17:36+00:00\",\"description\":\"Leggi l'informativa privacy di Acerbis Design e scopri maggiori dettagli sulla nostra policy dell'azienda.\",\"breadcrumb\":{\"@id\":\"https:\\\/\\\/www.acerbisdesign.com\\\/it\\\/privacy-candidatura\\\/#breadcrumb\"},\"inLanguage\":\"it-IT\",\"potentialAction\":[{\"@type\":\"ReadAction\",\"target\":[\"https:\\\/\\\/www.acerbisdesign.com\\\/it\\\/privacy-candidatura\\\/\"]}]},{\"@type\":\"BreadcrumbList\",\"@id\":\"https:\\\/\\\/www.acerbisdesign.com\\\/it\\\/privacy-candidatura\\\/#breadcrumb\",\"itemListElement\":[{\"@type\":\"ListItem\",\"position\":1,\"name\":\"Home\",\"item\":\"https:\\\/\\\/www.acerbisdesign.com\\\/it\\\/\"},{\"@type\":\"ListItem\",\"position\":2,\"name\":\"Informativa privacy\"}]},{\"@type\":\"WebSite\",\"@id\":\"https:\\\/\\\/www.acerbisdesign.com\\\/it\\\/#website\",\"url\":\"https:\\\/\\\/www.acerbisdesign.com\\\/it\\\/\",\"name\":\"Acerbis\",\"description\":\"\",\"publisher\":{\"@id\":\"https:\\\/\\\/www.acerbisdesign.com\\\/it\\\/#organization\"},\"potentialAction\":[{\"@type\":\"SearchAction\",\"target\":{\"@type\":\"EntryPoint\",\"urlTemplate\":\"https:\\\/\\\/www.acerbisdesign.com\\\/it\\\/?s={search_term_string}\"},\"query-input\":{\"@type\":\"PropertyValueSpecification\",\"valueRequired\":true,\"valueName\":\"search_term_string\"}}],\"inLanguage\":\"it-IT\"},{\"@type\":\"Organization\",\"@id\":\"https:\\\/\\\/www.acerbisdesign.com\\\/it\\\/#organization\",\"name\":\"Acerbis\",\"url\":\"https:\\\/\\\/www.acerbisdesign.com\\\/it\\\/\",\"logo\":{\"@type\":\"ImageObject\",\"inLanguage\":\"it-IT\",\"@id\":\"https:\\\/\\\/www.acerbisdesign.com\\\/it\\\/#\\\/schema\\\/logo\\\/image\\\/\",\"url\":\"https:\\\/\\\/www.acerbisdesign.com\\\/wp-content\\\/uploads\\\/2021\\\/09\\\/logo-2.png\",\"contentUrl\":\"https:\\\/\\\/www.acerbisdesign.com\\\/wp-content\\\/uploads\\\/2021\\\/09\\\/logo-2.png\",\"width\":300,\"height\":300,\"caption\":\"Acerbis\"},\"image\":{\"@id\":\"https:\\\/\\\/www.acerbisdesign.com\\\/it\\\/#\\\/schema\\\/logo\\\/image\\\/\"}}]}<\/script>\n<!-- \/ Yoast SEO plugin. -->","yoast_head_json":{"title":"Informativa privacy - Acerbis Design","description":"Leggi l'informativa privacy di Acerbis Design e scopri maggiori dettagli sulla nostra policy dell'azienda.","robots":{"index":"index","follow":"follow","max-snippet":"max-snippet:-1","max-image-preview":"max-image-preview:large","max-video-preview":"max-video-preview:-1"},"canonical":"https:\/\/www.acerbisdesign.com\/it\/privacy-candidatura\/","og_locale":"it_IT","og_type":"article","og_title":"Informativa privacy - Acerbis Design","og_description":"Leggi l'informativa privacy di Acerbis Design e scopri maggiori dettagli sulla nostra policy dell'azienda.","og_url":"https:\/\/www.acerbisdesign.com\/it\/privacy-candidatura\/","og_site_name":"Acerbis","article_modified_time":"2024-01-19T16:17:36+00:00","twitter_card":"summary_large_image","twitter_misc":{"Tempo di lettura stimato":"9 minuti"},"schema":{"@context":"https:\/\/schema.org","@graph":[{"@type":"WebPage","@id":"https:\/\/www.acerbisdesign.com\/it\/privacy-candidatura\/","url":"https:\/\/www.acerbisdesign.com\/it\/privacy-candidatura\/","name":"Informativa privacy - Acerbis Design","isPartOf":{"@id":"https:\/\/www.acerbisdesign.com\/it\/#website"},"datePublished":"2022-02-10T14:34:03+00:00","dateModified":"2024-01-19T16:17:36+00:00","description":"Leggi l'informativa privacy di Acerbis Design e scopri maggiori dettagli sulla nostra policy dell'azienda.","breadcrumb":{"@id":"https:\/\/www.acerbisdesign.com\/it\/privacy-candidatura\/#breadcrumb"},"inLanguage":"it-IT","potentialAction":[{"@type":"ReadAction","target":["https:\/\/www.acerbisdesign.com\/it\/privacy-candidatura\/"]}]},{"@type":"BreadcrumbList","@id":"https:\/\/www.acerbisdesign.com\/it\/privacy-candidatura\/#breadcrumb","itemListElement":[{"@type":"ListItem","position":1,"name":"Home","item":"https:\/\/www.acerbisdesign.com\/it\/"},{"@type":"ListItem","position":2,"name":"Informativa privacy"}]},{"@type":"WebSite","@id":"https:\/\/www.acerbisdesign.com\/it\/#website","url":"https:\/\/www.acerbisdesign.com\/it\/","name":"Acerbis","description":"","publisher":{"@id":"https:\/\/www.acerbisdesign.com\/it\/#organization"},"potentialAction":[{"@type":"SearchAction","target":{"@type":"EntryPoint","urlTemplate":"https:\/\/www.acerbisdesign.com\/it\/?s={search_term_string}"},"query-input":{"@type":"PropertyValueSpecification","valueRequired":true,"valueName":"search_term_string"}}],"inLanguage":"it-IT"},{"@type":"Organization","@id":"https:\/\/www.acerbisdesign.com\/it\/#organization","name":"Acerbis","url":"https:\/\/www.acerbisdesign.com\/it\/","logo":{"@type":"ImageObject","inLanguage":"it-IT","@id":"https:\/\/www.acerbisdesign.com\/it\/#\/schema\/logo\/image\/","url":"https:\/\/www.acerbisdesign.com\/wp-content\/uploads\/2021\/09\/logo-2.png","contentUrl":"https:\/\/www.acerbisdesign.com\/wp-content\/uploads\/2021\/09\/logo-2.png","width":300,"height":300,"caption":"Acerbis"},"image":{"@id":"https:\/\/www.acerbisdesign.com\/it\/#\/schema\/logo\/image\/"}}]}},"_links":{"self":[{"href":"https:\/\/www.acerbisdesign.com\/it\/wp-json\/wp\/v2\/pages\/9189","targetHints":{"allow":["GET"]}}],"collection":[{"href":"https:\/\/www.acerbisdesign.com\/it\/wp-json\/wp\/v2\/pages"}],"about":[{"href":"https:\/\/www.acerbisdesign.com\/it\/wp-json\/wp\/v2\/types\/page"}],"author":[{"embeddable":true,"href":"https:\/\/www.acerbisdesign.com\/it\/wp-json\/wp\/v2\/users\/4"}],"replies":[{"embeddable":true,"href":"https:\/\/www.acerbisdesign.com\/it\/wp-json\/wp\/v2\/comments?post=9189"}],"version-history":[{"count":2,"href":"https:\/\/www.acerbisdesign.com\/it\/wp-json\/wp\/v2\/pages\/9189\/revisions"}],"predecessor-version":[{"id":9191,"href":"https:\/\/www.acerbisdesign.com\/it\/wp-json\/wp\/v2\/pages\/9189\/revisions\/9191"}],"wp:attachment":[{"href":"https:\/\/www.acerbisdesign.com\/it\/wp-json\/wp\/v2\/media?parent=9189"}],"curies":[{"name":"wp","href":"https:\/\/api.w.org\/{rel}","templated":true}]}}